{"id":91,"date":"2019-03-09T19:56:08","date_gmt":"2019-03-09T18:56:08","guid":{"rendered":"http:\/\/www.internationaler-konvent-frankfurt.de\/blog\/?page_id=91"},"modified":"2025-09-05T20:10:00","modified_gmt":"2025-09-05T18:10:00","slug":"kontakt","status":"publish","type":"page","link":"https:\/\/www.internationaler-konvent-frankfurt.de\/blog\/kontakt\/","title":{"rendered":"Vorstand &#038; Kontakt"},"content":{"rendered":"\n<h2 class=\"wp-block-heading\"><strong>Vertretungsberechtigter Vorstand<\/strong><\/h2>\n\n\n\n<p><strong>Vorsitzender:<\/strong><\/p>\n\n\n\n<p>Jens Balondo (<a href=\"https:\/\/www.jki-rhein-main.de\/\" data-type=\"URL\" data-id=\"https:\/\/www.jki-rhein-main.de\/\" target=\"_blank\" rel=\"noreferrer noopener\">Evangelische Indonesische Kristusgemeinde Rhein-Main<\/a>) <br><em>IK Delegierter in:<br><em>&#8211; <a href=\"https:\/\/ack-frankfurt.de\/\" data-type=\"link\" data-id=\"https:\/\/ack-frankfurt.de\/\" target=\"_blank\" rel=\"noreferrer noopener\">Arbeitsgemeinschaft Christlicher Kirchen (ACK) Frankfurt<\/a><br>&#8211; <a href=\"https:\/\/rat-der-religionen.de\/\" data-type=\"link\" data-id=\"https:\/\/rat-der-religionen.de\/\" target=\"_blank\" rel=\"noreferrer noopener\">Rat der Religionen<\/a><\/em><\/em><\/p>\n\n\n\n<hr class=\"wp-block-separator has-css-opacity\"\/>\n\n\n\n<p><strong>Stellvertretende Vorsitzende:<\/strong><\/p>\n\n\n\n<p>Randa Makari (<a href=\"https:\/\/kopten.de\/\" data-type=\"URL\" data-id=\"https:\/\/kopten.de\/\" target=\"_blank\" rel=\"noreferrer noopener\">St. Markus Koptisch-Othodoxe Kirche e.V., Frankfurt am Main<\/a>)  <\/p>\n\n\n\n<p>Samuel Lesanework (<a href=\"https:\/\/frankfurt-medhanealem.org\/\" target=\"_blank\" rel=\"noreferrer noopener\">\u00c4thiopisch-orthodoxe Tewahedo Medhanealem\/Erl\u00f6ser der Welt Kirche<\/a>)<\/p>\n\n\n\n<hr class=\"wp-block-separator has-css-opacity\"\/>\n\n\n\n<p><strong>Weitere Vorstandsmitglieder:<\/strong><\/p>\n\n\n\n<p>Zita Farag\u00f3-G\u00fcnther (<a href=\"https:\/\/www.evref.de\/\" target=\"_blank\" rel=\"noreferrer noopener\">Ungarische Evangelisch-Reformierte Gemeinde in Frankfurt am Main<\/a>)<br><em>&#8211; Stellv. IK Delegierte<em> in:<br>&#8211; <a href=\"https:\/\/ack-frankfurt.de\/\" data-type=\"link\" data-id=\"https:\/\/ack-frankfurt.de\/\" target=\"_blank\" rel=\"noreferrer noopener\">Arbeitsgemeinschaft Christlicher Kirchen (ACK) Frankfurt<\/a><br>&#8211; <a href=\"https:\/\/rat-der-religionen.de\/\" data-type=\"link\" data-id=\"https:\/\/rat-der-religionen.de\/\" target=\"_blank\" rel=\"noreferrer noopener\">Rat der Religionen<\/a><\/em><\/em><\/p>\n\n\n\n<p>Margee Abdi (<a href=\"https:\/\/www.christus-immanuel.de\/ev-oromogemeinde\/\" data-type=\"link\" data-id=\"https:\/\/www.christus-immanuel.de\/ev-oromogemeinde\/\" target=\"_blank\" rel=\"noreferrer noopener\">Evangelische Oromogemeinde<\/a>)<\/p>\n\n\n\n<p>Teunis van de Griend (<a href=\"https:\/\/www.efrg.de\/\" data-type=\"link\" data-id=\"https:\/\/www.efrg.de\/\" target=\"_blank\" rel=\"noreferrer noopener\">Evangelisch Franz\u00f6sisch-reformierte Gemeinde, Frankfurt am Main<\/a>)<br>&#8211; Kassenwart<br><em>IK Delegierter in:<\/em><br><em><em>&#8211; <a href=\"https:\/\/www.efo-magazin.de\/kirche\/wer-wir-sind\/stadtsynode\/\" data-type=\"link\" data-id=\"https:\/\/www.efo-magazin.de\/kirche\/wer-wir-sind\/stadtsynode\/\" target=\"_blank\" rel=\"noreferrer noopener\">Dekanatssynode des Ev. Stadtdekanats Frankfurt und Offenbach<\/a><\/em><\/em><\/p>\n\n\n\n<p>Helen Eden Paulos (<a href=\"http:\/\/www.eelgd.de\/\" target=\"_blank\" rel=\"noreferrer noopener\">Eritreische Evangelische Lutherische Gemeinde Deutschland e.V<\/a>)<br><em>&#8211; Stellv. IK Delegierte<em> in:<\/em><\/em><br><em><em>&#8211; <a href=\"https:\/\/www.efo-magazin.de\/kirche\/wer-wir-sind\/stadtsynode\/\" data-type=\"link\" data-id=\"https:\/\/www.efo-magazin.de\/kirche\/wer-wir-sind\/stadtsynode\/\" target=\"_blank\" rel=\"noreferrer noopener\">Dekanatssynode des Ev. Stadtdekanats Frankfurt und Offenbach<\/a><\/em><\/em><\/p>\n\n\n\n<hr class=\"wp-block-separator has-css-opacity\"\/>\n\n\n\n<h2 class=\"wp-block-heading\"><strong>Kassenpr\u00fcfer<\/strong><\/h2>\n\n\n\n<p>Monica M\u00fcller-R\u00f6mer (<a href=\"http:\/\/www.christ-the-king.net\/index.php\/en\/\" target=\"_blank\" rel=\"noreferrer noopener\">Anglican Episcopal Chruch of Christ the King<\/a>)<\/p>\n\n\n\n<p>Philip Apenteng (<a href=\"http:\/\/www.pcg-frankfurt.de\/\" data-type=\"URL\" data-id=\"http:\/\/www.pcg-frankfurt.de\/\" target=\"_blank\" rel=\"noreferrer noopener\">Presbyterian Chruch Ghana e. V., Frankfurt am Main<\/a>) <\/p>\n\n\n\n<hr class=\"wp-block-separator has-css-opacity\"\/>\n\n\n\n<h2 class=\"wp-block-heading\"><strong>Gesch\u00e4ftsstelle<\/strong><\/h2>\n\n\n\n<p>Pfarrerin Dr. Maibritt Gustrau<br><a href=\"https:\/\/www.efo-magazin.de\/\" data-type=\"URL\" data-id=\"https:\/\/www.efo-magazin.de\/\" target=\"_blank\" rel=\"noreferrer noopener\">Evangelisches Stadtdekanat Frankfurt  und Offenbach<\/a><br>Kurt-Schumacher-Stra\u00dfe 23 <br>60311 Frankfurt am Main <br>Tel.: 069 \/ 2165 &#8211; 1232<\/p>\n\n\n\n<h2 class=\"wp-block-heading\"><strong>Beratende Vorstandsmitglieder<\/strong><\/h2>\n\n\n\n<p>Pfarrer Joachim Bundschuh <br><a href=\"https:\/\/www.zentrum-oekumene.de\/de\/contact\/joachim-bundschuh\/\" data-type=\"URL\" data-id=\"https:\/\/www.zentrum-oekumene.de\/de\/contact\/joachim-bundschuh\/\" target=\"_blank\" rel=\"noreferrer noopener\">Zentrum Oekumene der EKHN und der EKKW<\/a> <br>Praunheimer Landstr. 206 <br>60488 Frankfurt am Main <br>Tel.: 069 \/ 976518 &#8211; 55<\/p>\n","protected":false},"excerpt":{"rendered":"<p>Vertretungsberechtigter Vorstand Vorsitzender: Jens Balondo (Evangelische Indonesische Kristusgemeinde Rhein-Main) IK Delegierter in:&#8211; Arbeitsgemeinschaft Christlicher Kirchen (ACK) Frankfurt&#8211; Rat der Religionen Stellvertretende Vorsitzende: Randa Makari (St. Markus Koptisch-Othodoxe Kirche e.V., Frankfurt am Main) Samuel Lesanework (\u00c4thiopisch-orthodoxe Tewahedo Medhanealem\/Erl\u00f6ser der Welt Kirche) Weitere Vorstandsmitglieder: Zita Farag\u00f3-G\u00fcnther (Ungarische Evangelisch-Reformierte Gemeinde in Frankfurt am Main)&#8211; Stellv. IK Delegierte in:&#8211; [&hellip;]<\/p>\n","protected":false},"author":1,"featured_media":0,"parent":0,"menu_order":0,"comment_status":"closed","ping_status":"closed","template":"","meta":{"footnotes":""},"class_list":["post-91","page","type-page","status-publish","hentry"],"_links":{"self":[{"href":"https:\/\/www.internationaler-konvent-frankfurt.de\/blog\/wp-json\/wp\/v2\/pages\/91","targetHints":{"allow":["GET"]}}],"collection":[{"href":"https:\/\/www.internationaler-konvent-frankfurt.de\/blog\/wp-json\/wp\/v2\/pages"}],"about":[{"href":"https:\/\/www.internationaler-konvent-frankfurt.de\/blog\/wp-json\/wp\/v2\/types\/page"}],"author":[{"embeddable":true,"href":"https:\/\/www.internationaler-konvent-frankfurt.de\/blog\/wp-json\/wp\/v2\/users\/1"}],"replies":[{"embeddable":true,"href":"https:\/\/www.internationaler-konvent-frankfurt.de\/blog\/wp-json\/wp\/v2\/comments?post=91"}],"version-history":[{"count":32,"href":"https:\/\/www.internationaler-konvent-frankfurt.de\/blog\/wp-json\/wp\/v2\/pages\/91\/revisions"}],"predecessor-version":[{"id":375,"href":"https:\/\/www.internationaler-konvent-frankfurt.de\/blog\/wp-json\/wp\/v2\/pages\/91\/revisions\/375"}],"wp:attachment":[{"href":"https:\/\/www.internationaler-konvent-frankfurt.de\/blog\/wp-json\/wp\/v2\/media?parent=91"}],"curies":[{"name":"wp","href":"https:\/\/api.w.org\/{rel}","templated":true}]}}