{"id":61,"date":"2019-03-09T19:13:30","date_gmt":"2019-03-09T18:13:30","guid":{"rendered":"http:\/\/www.internationaler-konvent-frankfurt.de\/blog\/?page_id=61"},"modified":"2025-09-26T20:47:35","modified_gmt":"2025-09-26T18:47:35","slug":"mitgliedsgemeinden-des-internationalen-konvents","status":"publish","type":"page","link":"https:\/\/www.internationaler-konvent-frankfurt.de\/blog\/mitgliedsgemeinden-des-internationalen-konvents\/","title":{"rendered":"Unsere Mitgliedsgemeinden"},"content":{"rendered":"\n<p><a aria-label=\"Anglican Episcopal Chruch of Christ the King (\u00f6ffnet in neuem Tab)\" href=\"http:\/\/www.christ-the-king.net\/index.php\/en\/\" target=\"_blank\" rel=\"noreferrer noopener\">Anglican Episcopal Chruch of Christ the King<\/a><\/p>\n\n\n\n<p><a aria-label=\"Armenisch-Apostolische Kirche in Frankfurt am Main (\u00f6ffnet in neuem Tab)\" rel=\"noreferrer noopener\" href=\"http:\/\/armenier-frankfurt.de\/\" target=\"_blank\">Armenisch-Apostolische Kirche in Frankfurt am Main<\/a><\/p>\n\n\n\n<p><a href=\"http:\/\/frankfurt-medhanealem.org\/de\/\" data-type=\"link\" data-id=\"http:\/\/frankfurt-medhanealem.org\/de\/\" target=\"_blank\" rel=\"noreferrer noopener\">\u00c4thiopisch Orthodoxe Tewahedo Kirche, Frankfurt am Main<\/a><\/p>\n\n\n\n<p><a aria-label=\"Atterberry - Multi-Cultural Christian Chruch (\u00f6ffnet in neuem Tab)\" rel=\"noreferrer noopener\" href=\"http:\/\/www.atterberrychapel.org\/\" target=\"_blank\">Atterberry &#8211; Multi-Cultural Christian Chruch<\/a><\/p>\n\n\n\n<p><a aria-label=\"Celestial Church of Christ e.V., Frankfurt am Main (\u00f6ffnet in neuem Tab)\" href=\"https:\/\/celestialchurch.com\/\" target=\"_blank\" rel=\"noreferrer noopener\">Celestial Church of Christ e.V., Frankfurt am Main<\/a><\/p>\n\n\n\n<p>Christ Evangelical Ministry, Darmstadt<\/p>\n\n\n\n<p><a aria-label=\"Eritreische Evangelische Lutherische Gemeinde Deutschland e.V. (\u00f6ffnet in neuem Tab)\" href=\"http:\/\/www.eelgd.de\/\" target=\"_blank\" rel=\"noreferrer noopener\">Eritreische Evangelische Lutherische Gemeinde Deutschland e.V.<\/a><\/p>\n\n\n\n<p>Eritreische Gemeinde f\u00fcr das ganze Evangelium<\/p>\n\n\n\n<p>Eritreisch-Orthodoxe Gemeinde e.V., Frankfurt am Main<\/p>\n\n\n\n<p><a aria-label=\"Evangelisch Franz\u00f6sisch-reformierte Gemeinde, Frankfurt am Main (\u00f6ffnet in neuem Tab)\" href=\"https:\/\/www.efrg.de\/\" target=\"_blank\" rel=\"noreferrer noopener\">Evangelisch Franz\u00f6sisch-reformierte Gemeinde, Frankfurt am Main<\/a><\/p>\n\n\n\n<p><a aria-label=\"Evangelische Indonesische Kristusgemeinde Rhein-Main (\u00f6ffnet in neuem Tab)\" href=\"https:\/\/www.jki-rhein-main.de\/\" target=\"_blank\" rel=\"noreferrer noopener\">Evangelische Indonesische Kristusgemeinde Rhein-Main<\/a><\/p>\n\n\n\n<p>Evangelische Koreanische Gemeinde Schwalbach &#8211; Heiliggeist e.V.<\/p>\n\n\n\n<p><a href=\"https:\/\/www.christus-immanuel.de\/ev-oromogemeinde\/\" data-type=\"link\" data-id=\"https:\/\/www.christus-immanuel.de\/ev-oromogemeinde\/\" target=\"_blank\" rel=\"noreferrer noopener\">Evangelische Oromogemeinde<\/a><\/p>\n\n\n\n<p><a rel=\"noreferrer noopener\" href=\"https:\/\/www.emk-frankfurt.de\/\" data-type=\"URL\" data-id=\"https:\/\/www.emk-frankfurt.de\/\" target=\"_blank\">Evangelisch-Methodistische-Vietnamesische Gemeinde, Frankfurt am Main<\/a><\/p>\n\n\n\n<p><a href=\"https:\/\/www.deutsch.rengas.de\/\" target=\"_blank\" rel=\"noreferrer noopener\">Finnische Gemeinde Frankfurt am Main<\/a><\/p>\n\n\n\n<p><a aria-label=\"Griechisch-Orthodoxe Kirchengemeinde Prophet Elias Kirche zu Frankfurt am Main (\u00f6ffnet in neuem Tab)\" rel=\"noreferrer noopener\" href=\"http:\/\/www.prophet-elias.de\/\" target=\"_blank\">Griechisch-Orthodoxe Kirchengemeinde Prophet Elias Kirche zu Frankfurt am Main<\/a><\/p>\n\n\n\n<p><a href=\"https:\/\/rmkg.me\/\" data-type=\"link\" data-id=\"https:\/\/rmkg.me\/\" target=\"_blank\" rel=\"noreferrer noopener\">Koreanische Evangelische Kirchengemeinde Rhein-Main<\/a><\/p>\n\n\n\n<p><a aria-label=\"Koreanische Kirchengemeinde Uri (\u00f6ffnet in neuem Tab)\" href=\"http:\/\/www.urichurch.or.kr\/\" target=\"_blank\" rel=\"noreferrer noopener\">Koreanische Kirchengemeinde Uri<\/a><\/p>\n\n\n\n<p><a aria-label=\"Presbyterian Chruch Ghana, Frankfurt am Main (\u00f6ffnet in neuem Tab)\" href=\"http:\/\/www.pcg-frankfurt.de\/\" target=\"_blank\" rel=\"noreferrer noopener\">Presbyterian Chruch Ghana, Frankfurt am Main<\/a><\/p>\n\n\n\n<p><a aria-label=\"Rum\u00e4nische Orthodoxe Kirche, Gemeinde St. Nicolaus, Offenbach (\u00f6ffnet in neuem Tab)\" href=\"http:\/\/www.st-nikolaus-bieber.de\/\" target=\"_blank\" rel=\"noreferrer noopener\">Rum\u00e4nische Orthodoxe Kirche, Gemeinde St. Nicolaus, Offenbach<\/a><\/p>\n\n\n\n<p><a aria-label=\"Russisch Orthodoxe Gemeinde, Hierom\u00e4rthyrer Kypianos und M\u00e4rtyrerin Justina, Frankfurt am Main (\u00f6ffnet in neuem Tab)\" href=\"http:\/\/Russisch Orthodoxe Gemeinde, Hierom\u00e4rthyrer Kypianos und M\u00e4rtyrerin Justina, Frankfurt am Main\" target=\"_blank\" rel=\"noreferrer noopener\">Russisch Orthodoxe Gemeinde, Hierom\u00e4rthyrer Kypianos und M\u00e4rtyrerin Justina, Frankfurt am Main<\/a><\/p>\n\n\n\n<p><a aria-label=\"Schwedischer Kirchenverein in Frankfurt am Main e.V. (\u00f6ffnet in neuem Tab)\" href=\"https:\/\/www.svenskakyrkan.se\/\" target=\"_blank\" rel=\"noreferrer noopener\">Schwedischer Kirchenverein in Frankfurt am Main e.V.<\/a><\/p>\n\n\n\n<p><a aria-label=\"St. Georgios - Frankfurter eritreisch-orthodoxe Kirche und Gemeinde e.V. (\u00f6ffnet in neuem Tab)\" href=\"https:\/\/stgeorgios.com\/\" target=\"_blank\" rel=\"noreferrer noopener\">St. Georgios &#8211; Frankfurter eritreisch-orthodoxe Kirche und Gemeinde e.V.<\/a><\/p>\n\n\n\n<p><a aria-label=\"St. Markus Koptisch-Othodoxe Kirche e.V., Frankfurt am Main (\u00f6ffnet in neuem Tab)\" rel=\"noreferrer noopener\" href=\"https:\/\/kopten.de\/\" target=\"_blank\">St. Markus Koptisch-Orthodoxe Kirche Frankfurt e.V.<\/a><\/p>\n\n\n\n<p><a aria-label=\"Syrisch Orthodoxe Gemeinde Bad Vilbel (\u00f6ffnet in neuem Tab)\" href=\"https:\/\/ckbv.de\/\" target=\"_blank\" rel=\"noreferrer noopener\">Syrisch Orthodoxe Gemeinde Bad Vilbel<\/a><\/p>\n\n\n\n<p>Tigray (\u00c4thiopien)-Orthodoxen Tewahedo St. Mariam Kirchengemeinde zu Frankfurt<\/p>\n\n\n\n<p><a aria-label=\"Trinity Lutheran Chruch, Frankfurt am Main (\u00f6ffnet in neuem Tab)\" href=\"https:\/\/trinity-lutheran.de\/\" target=\"_blank\" rel=\"noreferrer noopener\">Trinity Lutheran Chruch, Frankfurt am Main<\/a><\/p>\n\n\n\n<p>Ukrainisch Orthodoxe Gemeinde HI Volodymyr, Frankfurt am Main<\/p>\n\n\n\n<p><a href=\"https:\/\/magyar-protestansok.de\/?lang=de\" target=\"_blank\" rel=\"noreferrer noopener\">Ungarische Reformierte Gemeinde Frankfurt am Main<\/a><\/p>\n","protected":false},"excerpt":{"rendered":"<p>Anglican Episcopal Chruch of Christ the King Armenisch-Apostolische Kirche in Frankfurt am Main \u00c4thiopisch Orthodoxe Tewahedo Kirche, Frankfurt am Main Atterberry &#8211; Multi-Cultural Christian Chruch Celestial Church of Christ e.V., Frankfurt am Main Christ Evangelical Ministry, Darmstadt Eritreische Evangelische Lutherische Gemeinde Deutschland e.V. Eritreische Gemeinde f\u00fcr das ganze Evangelium Eritreisch-Orthodoxe Gemeinde e.V., Frankfurt am Main [&hellip;]<\/p>\n","protected":false},"author":1,"featured_media":0,"parent":0,"menu_order":0,"comment_status":"closed","ping_status":"closed","template":"","meta":{"footnotes":""},"class_list":["post-61","page","type-page","status-publish","hentry"],"_links":{"self":[{"href":"https:\/\/www.internationaler-konvent-frankfurt.de\/blog\/wp-json\/wp\/v2\/pages\/61","targetHints":{"allow":["GET"]}}],"collection":[{"href":"https:\/\/www.internationaler-konvent-frankfurt.de\/blog\/wp-json\/wp\/v2\/pages"}],"about":[{"href":"https:\/\/www.internationaler-konvent-frankfurt.de\/blog\/wp-json\/wp\/v2\/types\/page"}],"author":[{"embeddable":true,"href":"https:\/\/www.internationaler-konvent-frankfurt.de\/blog\/wp-json\/wp\/v2\/users\/1"}],"replies":[{"embeddable":true,"href":"https:\/\/www.internationaler-konvent-frankfurt.de\/blog\/wp-json\/wp\/v2\/comments?post=61"}],"version-history":[{"count":25,"href":"https:\/\/www.internationaler-konvent-frankfurt.de\/blog\/wp-json\/wp\/v2\/pages\/61\/revisions"}],"predecessor-version":[{"id":393,"href":"https:\/\/www.internationaler-konvent-frankfurt.de\/blog\/wp-json\/wp\/v2\/pages\/61\/revisions\/393"}],"wp:attachment":[{"href":"https:\/\/www.internationaler-konvent-frankfurt.de\/blog\/wp-json\/wp\/v2\/media?parent=61"}],"curies":[{"name":"wp","href":"https:\/\/api.w.org\/{rel}","templated":true}]}}