{"id":59,"date":"2019-03-09T19:08:24","date_gmt":"2019-03-09T18:08:24","guid":{"rendered":"http:\/\/www.internationaler-konvent-frankfurt.de\/blog\/?page_id=59"},"modified":"2019-03-09T19:08:24","modified_gmt":"2019-03-09T18:08:24","slug":"bestandserhebung-raumvergabe","status":"publish","type":"page","link":"https:\/\/www.internationaler-konvent-frankfurt.de\/blog\/bestandserhebung-raumvergabe\/","title":{"rendered":"Bestandserhebung-Raumvergabe"},"content":{"rendered":"\n<p>Als\nArbeitsgemeinschaft Christlicher Kirchen Frankfurt und Internationalen Konvent\nchristlicher Gemeinden Rhein-Main e.V. liegt uns die Vermittlung von R\u00e4umen an\nKirchen und Gemeinden anderer Sprache und Herkunft in besonderer Wiese am\nHerzen. Wie sie aus ihrem Gemeindealltag vielleicht wissen, gibt es immer\nwieder Anfragen dieser Kirchen und Gemeinden, die R\u00e4ume f\u00fcr ihre Treffen und\nGottesdienste suchen. Diese Gruppen sind oft singul\u00e4r und keinem \u00f6kumenischen\nVerband zugeh\u00f6rig. Daraus ergeben sich h\u00e4ufig auch Fragen, wie sie theologisch\neinzuordnen sind und wo Herausforderungen im Zusammenleben liegen.<\/p>\n\n\n\n<p>Wir m\u00f6chten daher\neine zentrale Stelle schaffen, die alle Raumanfragen sammelt und nach\ntransparenten Kriterien (Basisformel \u00d6RK) R\u00e4ume weiter vermittelt. Gleichzeitig\nsoll das Verfahren zur Raumvergabe\/Vermietung an andere Christliche Gruppen und\nKirchen, transparenter und einheitlicher organisieren werden.<\/p>\n\n\n\n<p>Dazu ist im\n\u00d6kumenischen Zentrum Christuskirche in Kooperation mit dem der dortigen ev.\nGemeinde eine Koordinationsstelle geschaffen worden, die die Vermittlung von\nR\u00e4umen in Frankfurter Ortsgemeinden unterst\u00fctzen. Wichtig ist es f\u00fcr uns\nzun\u00e4chst, ein Register \u00fcber die bereits bestehenden Gastverh\u00e4ltnisse mit\nKirchen und Gemeinden anderer Sprachen und Herkunft in den Gemeinden zu\nerstellen und m\u00f6gliche Angebote einer Raumvergabe zu ermitteln. Als\nGemeinde\/Kirchenvorstand werden Sie dadurch von langen Recherchen bei Anfragen\nentlastet und k\u00f6nnen sich im Einzelfall beraten lassen. Sie werden als\nGemeinde\/Kirchenvorstand weiterhin Vertragspartner-in und Vermieter sein.<\/p>\n\n\n\n<p>Bitte unterst\u00fctzen\nSie unsere Arbeit, indem Sie kurz die beiden nachstehenden Fragen beantworten.\nWir danken Ihnen schon jetzt f\u00fcr ihre Mitarbeit.<\/p>\n","protected":false},"excerpt":{"rendered":"<p>Als Arbeitsgemeinschaft Christlicher Kirchen Frankfurt und Internationalen Konvent christlicher Gemeinden Rhein-Main e.V. liegt uns die Vermittlung von R\u00e4umen an Kirchen und Gemeinden anderer Sprache und Herkunft in besonderer Wiese am Herzen. Wie sie aus ihrem Gemeindealltag vielleicht wissen, gibt es immer wieder Anfragen dieser Kirchen und Gemeinden, die R\u00e4ume f\u00fcr ihre Treffen und Gottesdienste suchen. [&hellip;]<\/p>\n","protected":false},"author":1,"featured_media":0,"parent":0,"menu_order":0,"comment_status":"closed","ping_status":"closed","template":"","meta":{"footnotes":""},"class_list":["post-59","page","type-page","status-publish","hentry"],"_links":{"self":[{"href":"https:\/\/www.internationaler-konvent-frankfurt.de\/blog\/wp-json\/wp\/v2\/pages\/59","targetHints":{"allow":["GET"]}}],"collection":[{"href":"https:\/\/www.internationaler-konvent-frankfurt.de\/blog\/wp-json\/wp\/v2\/pages"}],"about":[{"href":"https:\/\/www.internationaler-konvent-frankfurt.de\/blog\/wp-json\/wp\/v2\/types\/page"}],"author":[{"embeddable":true,"href":"https:\/\/www.internationaler-konvent-frankfurt.de\/blog\/wp-json\/wp\/v2\/users\/1"}],"replies":[{"embeddable":true,"href":"https:\/\/www.internationaler-konvent-frankfurt.de\/blog\/wp-json\/wp\/v2\/comments?post=59"}],"version-history":[{"count":1,"href":"https:\/\/www.internationaler-konvent-frankfurt.de\/blog\/wp-json\/wp\/v2\/pages\/59\/revisions"}],"predecessor-version":[{"id":60,"href":"https:\/\/www.internationaler-konvent-frankfurt.de\/blog\/wp-json\/wp\/v2\/pages\/59\/revisions\/60"}],"wp:attachment":[{"href":"https:\/\/www.internationaler-konvent-frankfurt.de\/blog\/wp-json\/wp\/v2\/media?parent=59"}],"curies":[{"name":"wp","href":"https:\/\/api.w.org\/{rel}","templated":true}]}}