{"id":56,"date":"2019-03-09T18:41:16","date_gmt":"2019-03-09T17:41:16","guid":{"rendered":"http:\/\/www.internationaler-konvent-frankfurt.de\/blog\/?page_id=56"},"modified":"2025-09-05T20:24:08","modified_gmt":"2025-09-05T18:24:08","slug":"impressum","status":"publish","type":"page","link":"https:\/\/www.internationaler-konvent-frankfurt.de\/blog\/impressum\/","title":{"rendered":"Impressum"},"content":{"rendered":"\n<h2 class=\"wp-block-heading\"><strong>Internationaler Konvent Christlicher Gemeinden Rhein-Main e.V.<\/strong><\/h2>\n\n\n\n<h3 class=\"wp-block-heading\"><strong>Gesch\u00e4ftsstelle<\/strong><\/h3>\n\n\n\n<p>Pfarrerin Dr. Maibritt Gustrau<br><a href=\"https:\/\/www.efo-magazin.de\/\" target=\"_blank\" rel=\"noreferrer noopener\">Evangelisches Stadtdekanat Frankfurt und Offenbach<\/a><br>Kurt-Schumacher-Stra\u00dfe 23<br>60311 Frankfurt am Main <br>Tel.: 069 \/ 2165 &#8211; 1232<\/p>\n\n\n\n<h3 class=\"wp-block-heading\"><strong>Vertretungsberechtigter Vorstand<\/strong><\/h3>\n\n\n\n<p><strong>Vorsitzender:<\/strong><\/p>\n\n\n\n<p>Jens Balondo (<a rel=\"noreferrer noopener\" href=\"https:\/\/www.jki-rhein-main.de\/\" target=\"_blank\">Evangelische Indonesische Kristusgemeinde Rhein-Main<\/a>)<\/p>\n\n\n\n<p><strong>Stellvertretende Vorsitzende:<\/strong><\/p>\n\n\n\n<p>Randa Makari (<a href=\"https:\/\/kopten.de\/\" data-type=\"URL\" data-id=\"https:\/\/kopten.de\/\" target=\"_blank\" rel=\"noreferrer noopener\">St. Markus Koptisch-Othodoxe Kirche e.V., Frankfurt am Main<\/a>)<\/p>\n\n\n\n<p>Samuel Lesanework (<a href=\"https:\/\/frankfurt-medhanealem.org\/\" target=\"_blank\" rel=\"noreferrer noopener\">\u00c4thiopisch-orthodoxe Tewahedo Medhanealem\/Erl\u00f6ser der Welt Kirche<\/a>)<\/p>\n\n\n\n<p><strong>Vorstandsmitglieder:<\/strong><\/p>\n\n\n\n<p>Zita Farag\u00f3-G\u00fcnther (<a href=\"https:\/\/www.evref.de\/\" target=\"_blank\" rel=\"noreferrer noopener\">Ungarische Evangelisch-Reformierte Gemeinde in Frankfurt am Main<\/a>)<\/p>\n\n\n\n<p>Margee Abdi (<a href=\"https:\/\/www.christus-immanuel.de\/ev-oromogemeinde\/\" data-type=\"link\" data-id=\"https:\/\/www.christus-immanuel.de\/ev-oromogemeinde\/\" target=\"_blank\" rel=\"noreferrer noopener\">Evangelische Oromogemeinde<\/a>)<\/p>\n\n\n\n<p>Teunis van de Griend (<a href=\"https:\/\/www.efrg.de\/\" data-type=\"link\" data-id=\"https:\/\/www.efrg.de\/\" target=\"_blank\" rel=\"noreferrer noopener\">Evangelisch Franz\u00f6sisch-reformierte Gemeinde, Frankfurt am Main<\/a>)<\/p>\n\n\n\n<p>Helen Eden Paulos (<a href=\"http:\/\/www.eelgd.de\/\" target=\"_blank\" rel=\"noreferrer noopener\">Eritreische Evangelische Lutherische Gemeinde Deutschland e.V<\/a>)<br><\/p>\n\n\n\n<p><strong>Beratendes Vorstandsmitglied:<\/strong><\/p>\n\n\n\n<p>Pfarrer Joachim Bundschuh<br><a rel=\"noreferrer noopener\" href=\"https:\/\/www.zentrum-oekumene.de\/de\/contact\/joachim-bundschuh\/\" target=\"_blank\">Zentrum Oekumene der EKHN und der EKKW<\/a><br>Praunheimer Landstr. 206<br>60488 Frankfurt am Main<br>Tel.: 069 \/ 976518 &#8211; 55<\/p>\n\n\n\n<p><\/p>\n\n\n\n<p><strong>Kassenpr\u00fcfung:<\/strong><\/p>\n\n\n\n<p>Monica M\u00fcller-R\u00f6mer (<a rel=\"noreferrer noopener\" href=\"http:\/\/www.christ-the-king.net\/index.php\/en\/\" target=\"_blank\">Anglican Episcopal Chruch of Christ the King<\/a>)<\/p>\n\n\n\n<p>Philip Apenteng (<a rel=\"noreferrer noopener\" href=\"http:\/\/www.pcg-frankfurt.de\/\" target=\"_blank\">Presbyterian Chruch Ghana e. V., Frankfurt am Main<\/a>)<\/p>\n\n\n\n<p><strong>Haftungsausschluss<\/strong><\/p>\n\n\n\n<p>Unser Angebot kann\nLinks zu externen Webseiten Dritter enthalten, auf deren Inhalte wir keinen\nEinfluss haben. F\u00fcr diese fremden Inhalte k\u00f6nnen wir daher keine Gew\u00e4hr\n\u00fcbernehmen. Hierf\u00fcr ist stets der jeweilige Anbieter oder Betreiber der Seiten\nverantwortlich.<\/p>\n","protected":false},"excerpt":{"rendered":"<p>Internationaler Konvent Christlicher Gemeinden Rhein-Main e.V. Gesch\u00e4ftsstelle Pfarrerin Dr. Maibritt GustrauEvangelisches Stadtdekanat Frankfurt und OffenbachKurt-Schumacher-Stra\u00dfe 2360311 Frankfurt am Main Tel.: 069 \/ 2165 &#8211; 1232 Vertretungsberechtigter Vorstand Vorsitzender: Jens Balondo (Evangelische Indonesische Kristusgemeinde Rhein-Main) Stellvertretende Vorsitzende: Randa Makari (St. Markus Koptisch-Othodoxe Kirche e.V., Frankfurt am Main) Samuel Lesanework (\u00c4thiopisch-orthodoxe Tewahedo Medhanealem\/Erl\u00f6ser der Welt Kirche) Vorstandsmitglieder: [&hellip;]<\/p>\n","protected":false},"author":1,"featured_media":0,"parent":0,"menu_order":0,"comment_status":"closed","ping_status":"closed","template":"","meta":{"footnotes":""},"class_list":["post-56","page","type-page","status-publish","hentry"],"_links":{"self":[{"href":"https:\/\/www.internationaler-konvent-frankfurt.de\/blog\/wp-json\/wp\/v2\/pages\/56","targetHints":{"allow":["GET"]}}],"collection":[{"href":"https:\/\/www.internationaler-konvent-frankfurt.de\/blog\/wp-json\/wp\/v2\/pages"}],"about":[{"href":"https:\/\/www.internationaler-konvent-frankfurt.de\/blog\/wp-json\/wp\/v2\/types\/page"}],"author":[{"embeddable":true,"href":"https:\/\/www.internationaler-konvent-frankfurt.de\/blog\/wp-json\/wp\/v2\/users\/1"}],"replies":[{"embeddable":true,"href":"https:\/\/www.internationaler-konvent-frankfurt.de\/blog\/wp-json\/wp\/v2\/comments?post=56"}],"version-history":[{"count":8,"href":"https:\/\/www.internationaler-konvent-frankfurt.de\/blog\/wp-json\/wp\/v2\/pages\/56\/revisions"}],"predecessor-version":[{"id":379,"href":"https:\/\/www.internationaler-konvent-frankfurt.de\/blog\/wp-json\/wp\/v2\/pages\/56\/revisions\/379"}],"wp:attachment":[{"href":"https:\/\/www.internationaler-konvent-frankfurt.de\/blog\/wp-json\/wp\/v2\/media?parent=56"}],"curies":[{"name":"wp","href":"https:\/\/api.w.org\/{rel}","templated":true}]}}